{"id":7,"date":"2020-05-25T21:56:32","date_gmt":"2020-05-25T21:56:32","guid":{"rendered":"http:\/\/gesig.hr\/?page_id=7"},"modified":"2023-10-14T19:48:14","modified_gmt":"2023-10-14T17:48:14","slug":"about","status":"publish","type":"page","link":"https:\/\/gesig.hr\/index.php\/about\/","title":{"rendered":"O nama"},"content":{"rendered":"<p>[et_pb_section fb_built=&#8221;1&#8243; _builder_version=&#8221;4.17.3&#8243; top_divider_style=&#8221;mountains&#8221; top_divider_color=&#8221;#E02B20&#8243; top_divider_height=&#8221;59px&#8221; top_divider_repeat=&#8221;2x&#8221; top_divider_flip=&#8221;vertical&#8221; top_divider_arrangement=&#8221;above_content&#8221; hover_transition_duration=&#8221;700ms&#8221; hover_transition_speed_curve=&#8221;ease-out&#8221; global_colors_info=&#8221;{}&#8221;][et_pb_row _builder_version=&#8221;4.17.3&#8243; background_size=&#8221;initial&#8221; background_position=&#8221;top_left&#8221; background_repeat=&#8221;repeat&#8221; custom_margin=&#8221;-47px||||false|false&#8221; custom_padding=&#8221;0px||||false|false&#8221; locked=&#8221;off&#8221; global_colors_info=&#8221;{}&#8221;][et_pb_column type=&#8221;4_4&#8243; _builder_version=&#8221;4.17.3&#8243; custom_padding=&#8221;|||&#8221; animation_style=&#8221;fade&#8221; global_colors_info=&#8221;{}&#8221; custom_padding__hover=&#8221;|||&#8221;][et_pb_image src=&#8221;https:\/\/gesig.hr\/wp-content\/uploads\/2022\/05\/111-e1582043145108-1.jpg&#8221; title_text=&#8221;111-e1582043145108&#8243; force_fullwidth=&#8221;on&#8221; _builder_version=&#8221;4.17.3&#8243; _module_preset=&#8221;default&#8221; min_height=&#8221;319px&#8221; custom_padding=&#8221;0px|||||&#8221; global_colors_info=&#8221;{}&#8221;][\/et_pb_image][et_pb_text _builder_version=&#8221;4.16&#8243; background_size=&#8221;initial&#8221; background_position=&#8221;top_left&#8221; background_repeat=&#8221;repeat&#8221; global_colors_info=&#8221;{}&#8221;]<!-- divi:paragraph --><\/p>\n<p>Tvrtka GESIG HRVATSKA d.o.o. posluje u Republici Hrvatskoj kao sastavni dio privatne austrijske grupe tvrtki koja ukupno zapo\u0161ljava vi\u0161e od 750 ljudi.<\/p>\n<p>\u00a0<span style=\"font-size: 14px;\">Razvojem i stalnim unapre\u0111ivanjem\u00a0 vlastite tehnologije u podru\u010djima upravljanja i nadzora prometa u kretanju i u mirovanju GESIG je na tom polju lider na austrijskom tr\u017ei\u0161tu i pri samom europskom vrhu.<\/span><\/p>\n<p>&nbsp;<\/p>\n<p><!-- \/divi:paragraph --><\/p>\n<p><span style=\"font-size: 14px;\">GESIG razvija i proizvodi sustave za upravljanje za razli\u010dite prometno-tehnolo\u0161ke namjene.<\/span><\/p>\n<p>&nbsp;<\/p>\n<p><!-- \/divi:paragraph --><\/p>\n<p>&nbsp;<\/p>\n<p>&nbsp;<\/p>\n<p><!-- divi:paragraph --><\/p>\n<p>Naziv tvrtke: \u00a0\u00a0\u00a0\u00a0\u00a0\u00a0\u00a0\u00a0\u00a0\u00a0\u00a0\u00a0\u00a0\u00a0\u00a0\u00a0\u00a0\u00a0\u00a0\u00a0\u00a0\u00a0\u00a0\u00a0\u00a0\u00a0\u00a0\u00a0\u00a0\u00a0\u00a0\u00a0\u00a0\u00a0\u00a0\u00a0 GESIG HRVATSKA d.o.o.<br \/>\u010clanovi Uprave:\u00a0\u00a0\u00a0\u00a0\u00a0\u00a0\u00a0\u00a0\u00a0\u00a0\u00a0\u00a0\u00a0\u00a0\u00a0\u00a0\u00a0\u00a0\u00a0\u00a0\u00a0\u00a0\u00a0\u00a0\u00a0\u00a0\u00a0\u00a0\u00a0\u00a0\u00a0 g. Gerhard Gruber<br \/>\u00a0\u00a0\u00a0\u00a0\u00a0\u00a0\u00a0\u00a0\u00a0\u00a0\u00a0\u00a0\u00a0\u00a0\u00a0\u00a0\u00a0\u00a0\u00a0\u00a0\u00a0\u00a0\u00a0\u00a0\u00a0\u00a0\u00a0\u00a0\u00a0\u00a0\u00a0\u00a0\u00a0\u00a0\u00a0\u00a0\u00a0\u00a0\u00a0\u00a0\u00a0\u00a0\u00a0\u00a0\u00a0\u00a0\u00a0\u00a0\u00a0\u00a0\u00a0\u00a0\u00a0\u00a0\u00a0\u00a0\u00a0\u00a0\u00a0\u00a0g. Darko Posavec<br \/>\u00a0\u00a0\u00a0\u00a0\u00a0\u00a0\u00a0\u00a0\u00a0\u00a0\u00a0\u00a0\u00a0\u00a0\u00a0\u00a0\u00a0\u00a0\u00a0\u00a0\u00a0\u00a0\u00a0\u00a0\u00a0\u00a0\u00a0\u00a0\u00a0\u00a0\u00a0\u00a0\u00a0\u00a0\u00a0\u00a0\u00a0\u00a0\u00a0\u00a0\u00a0\u00a0\u00a0\u00a0\u00a0\u00a0\u00a0\u00a0\u00a0\u00a0\u00a0\u00a0\u00a0\u00a0\u00a0\u00a0\u00a0\u00a0\u00a0\u00a0g. Josef Siener<\/p>\n<p>&nbsp;<\/p>\n<p>&nbsp;<\/p>\n<p><!-- divi:paragraph --><\/p>\n<p>Osnovna djelatnost tvrtke:\u00a0\u00a0\u00a0\u00a0\u00a0\u00a0\u00a0\u00a0 razvoj, proizvodnja, monta\u017ea i odr\u017eavanje;<\/p>\n<ul>\n<li>Sustava za nadzor prometa<\/li>\n<li><span style=\"font-size: 14px;\">Sustava upravljanja prometom<\/span><\/li>\n<li>Sustava za vo\u0111enje prometa<\/li>\n<li>Sustava za prikupljanje i\u00a0 analizu podataka o prometu<\/li>\n<li>Sustava za naplatu parkiranja<\/li>\n<li>Opremanje vozila sa predno\u0161\u0107u prolaza<\/li>\n<li>Komunalna oprema<\/li>\n<\/ul>\n<p>&nbsp;<\/p>\n<p><!-- \/divi:list --><\/p>\n<p>&nbsp;<\/p>\n<p>&nbsp;<\/p>\n<p><!-- divi:paragraph --><\/p>\n<p>Glavne korisni\u010dke skupine:<\/p>\n<ul>\n<li>\u00a0<span style=\"font-size: 14px;\">Tijela dr\u017eavne uprave (ministarstva, \u017eupanije, gradovi i op\u0107ine)<\/span><\/li>\n<li>Elektroin\u017eenjerski razvojni biroi<\/li>\n<li>Elektrotehni\u010dka poduze\u0107a<\/li>\n<li>Gra\u0111evinska poduze\u0107a<\/li>\n<li>Komunalna poduze\u0107a<\/li>\n<\/ul>\n<p>&nbsp;<\/p>\n<p>&nbsp;<\/p>\n<p>&nbsp;<\/p>\n<p>&nbsp;<\/p>\n<p><!-- \/divi:list -->[\/et_pb_text][\/et_pb_column][\/et_pb_row][\/et_pb_section]<\/p>\n","protected":false},"excerpt":{"rendered":"<p>Tvrtka GESIG HRVATSKA d.o.o. posluje u Republici Hrvatskoj kao sastavni dio privatne austrijske grupe tvrtki koja ukupno zapo\u0161ljava vi\u0161e od 750 ljudi. \u00a0Razvojem i stalnim unapre\u0111ivanjem\u00a0 vlastite tehnologije u podru\u010djima upravljanja i nadzora prometa u kretanju i u mirovanju GESIG je na tom polju lider na austrijskom tr\u017ei\u0161tu i pri samom europskom vrhu. &nbsp; GESIG [&hellip;]<\/p>\n","protected":false},"author":1,"featured_media":0,"parent":0,"menu_order":0,"comment_status":"closed","ping_status":"closed","template":"","meta":{"_et_pb_use_builder":"on","_et_pb_old_content":"<!-- wp:paragraph -->\n<p>Tvrtka GESIG HRVATSKA d.o.o. posluje u Republici Hrvatskoj kao sastavni dio privatne austrijske grupe tvrtki koja ukupno zapo\u0161ljava vi\u0161e od 750 ljudi.<\/p>\n<!-- \/wp:paragraph -->\n\n<!-- wp:paragraph -->\n<p>Razvojem i stalnim unapre\u0111ivanjem&nbsp; vlastite tehnologije u podru\u010djima upravljanja i nadzora prometa u kretanju i u mirovanju GESIG je na tom polju lider na austrijskom tr\u017ei\u0161tu i pri samom europskom vrhu.<\/p>\n<!-- \/wp:paragraph -->\n\n<!-- wp:paragraph -->\n<p>GESIG razvija i proizvodi sustave za upravljanje za razli\u010dite prometno-tehnolo\u0161ke namjene.<\/p>\n<!-- \/wp:paragraph -->\n\n<!-- wp:paragraph -->\n<p>Naziv tvrtke: &nbsp;&nbsp;&nbsp;&nbsp;&nbsp;&nbsp;&nbsp;&nbsp;&nbsp;&nbsp;&nbsp;&nbsp;&nbsp;&nbsp;&nbsp;&nbsp;&nbsp;&nbsp;&nbsp;&nbsp;&nbsp;&nbsp;&nbsp;&nbsp;&nbsp;&nbsp;&nbsp;&nbsp;&nbsp;&nbsp;&nbsp;&nbsp;&nbsp;&nbsp;&nbsp;&nbsp; GESIG HRVATSKA d.o.o.<\/p>\n<!-- \/wp:paragraph -->\n\n<!-- wp:paragraph -->\n<p>\u010clanovi Uprave:&nbsp;&nbsp;&nbsp;&nbsp;&nbsp;&nbsp;&nbsp;&nbsp;&nbsp;&nbsp;&nbsp;&nbsp;&nbsp;&nbsp;&nbsp;&nbsp;&nbsp;&nbsp;&nbsp;&nbsp;&nbsp;&nbsp;&nbsp;&nbsp;&nbsp;&nbsp;&nbsp;&nbsp;&nbsp;&nbsp;&nbsp; g. Gerhard Gruber<\/p>\n<!-- \/wp:paragraph -->\n\n<!-- wp:paragraph -->\n<p>\u00a0\u00a0\u00a0\u00a0\u00a0\u00a0\u00a0\u00a0\u00a0\u00a0\u00a0\u00a0\u00a0\u00a0\u00a0\u00a0\u00a0\u00a0\u00a0\u00a0\u00a0\u00a0\u00a0\u00a0\u00a0\u00a0\u00a0\u00a0\u00a0\u00a0\u00a0\u00a0\u00a0\u00a0\u00a0\u00a0\u00a0\u00a0\u00a0\u00a0\u00a0\u00a0\u00a0\u00a0\u00a0\u00a0\u00a0\u00a0\u00a0\u00a0\u00a0\u00a0\u00a0\u00a0\u00a0\u00a0\u00a0\u00a0\u00a0\u00a0g. Darko Posavec<\/p>\n<!-- \/wp:paragraph -->\n\n<!-- wp:paragraph -->\n<p>\u00a0\u00a0\u00a0\u00a0\u00a0\u00a0\u00a0\u00a0\u00a0\u00a0\u00a0\u00a0\u00a0\u00a0\u00a0\u00a0\u00a0\u00a0\u00a0\u00a0\u00a0\u00a0\u00a0\u00a0\u00a0\u00a0\u00a0\u00a0\u00a0\u00a0\u00a0\u00a0\u00a0\u00a0\u00a0\u00a0\u00a0\u00a0\u00a0\u00a0\u00a0\u00a0\u00a0\u00a0\u00a0\u00a0\u00a0\u00a0\u00a0\u00a0\u00a0\u00a0\u00a0\u00a0\u00a0\u00a0\u00a0\u00a0\u00a0\u00a0g. Josef Siener<\/p>\n<!-- \/wp:paragraph -->\n\n<!-- wp:paragraph -->\n<p>Osnovna djelatnost tvrtke:&nbsp;&nbsp;&nbsp;&nbsp;&nbsp;&nbsp;&nbsp;&nbsp; razvoj, proizvodnja, monta\u017ea i odr\u017eavanje;<\/p>\n<!-- \/wp:paragraph -->\n\n<!-- wp:list -->\n<ul><li>Sustava upravljanja prometom<\/li><li>Sustava za nadzor prometa<\/li><li>Sustava za vo\u0111enje prometa<\/li><li>Sustava za prikupljanje i&nbsp; analizu podataka o prometu<\/li><li>Sustava za naplatu parkiranja<\/li><li>Opremanje vozila sa predno\u0161\u0107u prolaza<\/li><li>Komunalna oprema<\/li><\/ul>\n<!-- \/wp:list -->\n\n<!-- wp:paragraph -->\n<p>Glavne korisni\u010dke skupine:<\/p>\n<!-- \/wp:paragraph -->\n\n<!-- wp:list -->\n<ul><li>Tijela dr\u017eavne uprave (ministarstva, \u017eupanije, gradovi i op\u0107ine)<\/li><li>Elektroin\u017eenjerski razvojni biroi<\/li><li>Elektrotehni\u010dka poduze\u0107a<\/li><li>Gra\u0111evinska poduze\u0107a<\/li><li>Komunalna poduze\u0107a<\/li><\/ul>\n<!-- \/wp:list -->","_et_gb_content_width":"1080"},"_links":{"self":[{"href":"https:\/\/gesig.hr\/index.php\/wp-json\/wp\/v2\/pages\/7"}],"collection":[{"href":"https:\/\/gesig.hr\/index.php\/wp-json\/wp\/v2\/pages"}],"about":[{"href":"https:\/\/gesig.hr\/index.php\/wp-json\/wp\/v2\/types\/page"}],"author":[{"embeddable":true,"href":"https:\/\/gesig.hr\/index.php\/wp-json\/wp\/v2\/users\/1"}],"replies":[{"embeddable":true,"href":"https:\/\/gesig.hr\/index.php\/wp-json\/wp\/v2\/comments?post=7"}],"version-history":[{"count":9,"href":"https:\/\/gesig.hr\/index.php\/wp-json\/wp\/v2\/pages\/7\/revisions"}],"predecessor-version":[{"id":184,"href":"https:\/\/gesig.hr\/index.php\/wp-json\/wp\/v2\/pages\/7\/revisions\/184"}],"wp:attachment":[{"href":"https:\/\/gesig.hr\/index.php\/wp-json\/wp\/v2\/media?parent=7"}],"curies":[{"name":"wp","href":"https:\/\/api.w.org\/{rel}","templated":true}]}}