{"id":2,"date":"2020-05-25T20:57:26","date_gmt":"2020-05-25T20:57:26","guid":{"rendered":"http:\/\/gesig.hr\/?page_id=2"},"modified":"2024-08-27T19:08:35","modified_gmt":"2024-08-27T17:08:35","slug":"sample-page","status":"publish","type":"page","link":"https:\/\/gesig.hr\/index.php\/sample-page\/","title":{"rendered":"Sustavi za naplatu parkiranja"},"content":{"rendered":"<p>[et_pb_section fb_built=&#8221;1&#8243; _builder_version=&#8221;4.17.3&#8243; top_divider_style=&#8221;mountains&#8221; top_divider_color=&#8221;#E02B20&#8243; top_divider_height=&#8221;59px&#8221; top_divider_repeat=&#8221;2x&#8221; top_divider_flip=&#8221;vertical&#8221; top_divider_arrangement=&#8221;above_content&#8221; hover_transition_duration=&#8221;700ms&#8221; hover_transition_speed_curve=&#8221;ease-out&#8221; global_colors_info=&#8221;{}&#8221;][et_pb_row _builder_version=&#8221;4.16&#8243; background_size=&#8221;initial&#8221; background_position=&#8221;top_left&#8221; background_repeat=&#8221;repeat&#8221; global_colors_info=&#8221;{}&#8221;][et_pb_column type=&#8221;4_4&#8243; _builder_version=&#8221;4.16&#8243; custom_padding=&#8221;|||&#8221; global_colors_info=&#8221;{}&#8221; custom_padding__hover=&#8221;|||&#8221;][et_pb_text _builder_version=&#8221;4.16&#8243; background_size=&#8221;initial&#8221; background_position=&#8221;top_left&#8221; background_repeat=&#8221;repeat&#8221; global_colors_info=&#8221;{}&#8221;]<!-- divi:paragraph --><\/p>\n<p>GESIG proizvodi, montira i odr\u017eava sustave za naplatu parkiranja sa sklopovima za zapisivanje i o\u010ditavanje barcode zapisa na parkirnim karticama ili primjenom ANPR tehnologije za o\u010ditavanje registarskih oznaka vozila.<\/p>\n<p><span style=\"font-size: 14px;\">GESIG parkirni sustavi tijekom proizvodnje u na\u0161im pogonima u Njema\u010dkoj i Austriji prolaze rigorozne procedure kontrole kvalitete kako pojedinih komponenti tako i finalnog proizvoda \u0161to jam\u010di besprijekoran rad tijekom dugog niza godina eksploatacije.<\/span><\/p>\n<p>\u00a0ZA\u0160TO UVESTI GESIG SUSTAV ZA NAPLATU PARKIRANJA?<\/p>\n<ul>\n<li><span style=\"font-size: 14px;\">niski tro\u0161kovi odr\u017eavanja primjenom nezahtjevne tehnologije<\/span><\/li>\n<li>niski tro\u0161kovi rezervnih dijelova i potro\u0161nog materijala<\/li>\n<li>jednostavno rukovanje \u2013 visoka prihva\u0107enost od korisnika<\/li>\n<li>odr\u017eavanje i dijagnostika na daljinu<\/li>\n<li>robusna tehnologija i inteligentna rje\u0161enja<\/li>\n<li>modularna izvedba svih aparata &#8211; pristupa\u010dno za servis<\/li>\n<li>logi\u010dan, ergonomski i moderan dizajn<\/li>\n<li>okoli\u0161u ne\u0161kodljiv potro\u0161ni materijal\u00a0<\/li>\n<\/ul>\n<p>&nbsp;<\/p>\n<p>&nbsp;<\/p>\n<p>&nbsp;<\/p>\n<p>&nbsp;<\/p>\n<p><!-- \/divi:paragraph -->[\/et_pb_text][\/et_pb_column][\/et_pb_row][et_pb_row _builder_version=&#8221;4.17.3&#8243; _module_preset=&#8221;default&#8221; global_colors_info=&#8221;{}&#8221;][et_pb_column type=&#8221;4_4&#8243; _builder_version=&#8221;4.17.3&#8243; _module_preset=&#8221;default&#8221; global_colors_info=&#8221;{}&#8221;][et_pb_image src=&#8221;https:\/\/gesig.hr\/wp-content\/uploads\/2022\/05\/Parkhaustechnik01.jpg&#8221; title_text=&#8221;Parkhaustechnik01&#8243; _builder_version=&#8221;4.17.3&#8243; _module_preset=&#8221;default&#8221; box_shadow_style=&#8221;preset2&#8243; box_shadow_horizontal=&#8221;26px&#8221; box_shadow_vertical=&#8221;21px&#8221; global_colors_info=&#8221;{}&#8221;][\/et_pb_image][\/et_pb_column][\/et_pb_row][et_pb_row _builder_version=&#8221;4.17.3&#8243; _module_preset=&#8221;default&#8221; global_colors_info=&#8221;{}&#8221;][et_pb_column type=&#8221;4_4&#8243; _builder_version=&#8221;4.17.3&#8243; _module_preset=&#8221;default&#8221; global_colors_info=&#8221;{}&#8221;][et_pb_text _builder_version=&#8221;4.17.3&#8243; _module_preset=&#8221;default&#8221; global_colors_info=&#8221;{}&#8221;]<\/p>\n<p>Gesig Hrvatska d.o.o. posluje u Republici Hrvatskoj kao dio austrijske grupacije Gesig Ges.m.b.H.\u00a0<\/p>\n<p>45 godina iskustva u projektiranju, proizvodnji i odr\u017eavanju specifi\u010dnih parkirnih sustava jamstvo su na\u0161e kompetentnosti.\u00a0<\/p>\n<p>Izvrsnost usluge planiranja, proizvodnje, monta\u017ee i odr\u017eavanja na\u0161 je moto.<\/p>\n<p>[\/et_pb_text][\/et_pb_column][\/et_pb_row][\/et_pb_section]<\/p>\n","protected":false},"excerpt":{"rendered":"<p>GESIG proizvodi, montira i odr\u017eava sustave za naplatu parkiranja sa sklopovima za zapisivanje i o\u010ditavanje barcode zapisa na parkirnim karticama ili primjenom ANPR tehnologije za o\u010ditavanje registarskih oznaka vozila. GESIG parkirni sustavi tijekom proizvodnje u na\u0161im pogonima u Njema\u010dkoj i Austriji prolaze rigorozne procedure kontrole kvalitete kako pojedinih komponenti tako i finalnog proizvoda \u0161to jam\u010di [&hellip;]<\/p>\n","protected":false},"author":1,"featured_media":0,"parent":0,"menu_order":0,"comment_status":"closed","ping_status":"open","template":"","meta":{"_et_pb_use_builder":"on","_et_pb_old_content":"<!-- wp:paragraph -->\n<p>GESIG proizvodi, montira i odr\u017eava sustave za naplatu parkiranja sa sklopovima za zapisivanje i o\u010ditavanje magnetnog ili barcode zapisa na parkirnim karticama.<\/p>\n<!-- \/wp:paragraph -->\n\n<!-- wp:paragraph -->\n<p>GESIG parkirni sustavi tijekom proizvodnje u na\u0161im pogonima u Njema\u010dkoj i Austriji prolaze rigorozne procedure kontrole kvalitete kako pojedinih komponenti tako i finalnog proizvoda \u0161to jam\u010di besprijekoran rad tijekom dugog niza godina eksploatacije.<\/p>\n<!-- \/wp:paragraph -->\n\n<!-- wp:paragraph -->\n<p>ZA\u0160TO UVESTI GESIG SUSTAV ZA NAPLATU PARKIRANJA?<\/p>\n<!-- \/wp:paragraph -->\n\n<!-- wp:list -->\n<ul><li>niski tro\u0161kovi odr\u017eavanja primjenom nezahtjevne tehnologije<\/li><li>niski tro\u0161kovi rezervnih dijelova i potro\u0161nog materijala<\/li><li>jednostavno rukovanje \u2013 visoka prihva\u0107enost od korisnika<\/li><li>odr\u017eavanje i dijagnostika na daljinu<\/li><li>robusna tehnologija i inteligentna rje\u0161enja<\/li><li>modularna izvedba svih aparata - pristupa\u010dno za servis<\/li><li>logi\u010dan, ergonomski i moderan dizajn<\/li><li>okoli\u0161u ne\u0161kodljiv potro\u0161ni materijal<\/li><\/ul>\n<!-- \/wp:list -->\n\n<!-- wp:image {\"id\":81,\"sizeSlug\":\"full\",\"linkDestination\":\"none\"} -->\n<figure class=\"wp-block-image size-full\"><img src=\"https:\/\/gesig.hr\/wp-content\/uploads\/2022\/05\/Parkhaustechnik01.jpg\" alt=\"\" class=\"wp-image-81\"\/><\/figure>\n<!-- \/wp:image -->\n\n<!-- wp:paragraph -->\n<p>Gesig Hrvatska d.o.o. posluje u Republici Hrvatskoj kao dio austrijske grupacije Gesig Ges.m.b.H.<\/p>\n<!-- \/wp:paragraph -->\n\n<!-- wp:paragraph -->\n<p>45 godina iskustva u projektiranju, proizvodnji i odr\u017eavanju specifi\u010dnih parkirnih sustava jamstvo su na\u0161e kompetentnosti.<\/p>\n<!-- \/wp:paragraph -->\n\n<!-- wp:paragraph -->\n<p>Izvrsnost usluge planiranja, proizvodnje, monta\u017ee i odr\u017eavanja na\u0161 je moto.<\/p>\n<!-- \/wp:paragraph -->","_et_gb_content_width":""},"_links":{"self":[{"href":"https:\/\/gesig.hr\/index.php\/wp-json\/wp\/v2\/pages\/2"}],"collection":[{"href":"https:\/\/gesig.hr\/index.php\/wp-json\/wp\/v2\/pages"}],"about":[{"href":"https:\/\/gesig.hr\/index.php\/wp-json\/wp\/v2\/types\/page"}],"author":[{"embeddable":true,"href":"https:\/\/gesig.hr\/index.php\/wp-json\/wp\/v2\/users\/1"}],"replies":[{"embeddable":true,"href":"https:\/\/gesig.hr\/index.php\/wp-json\/wp\/v2\/comments?post=2"}],"version-history":[{"count":6,"href":"https:\/\/gesig.hr\/index.php\/wp-json\/wp\/v2\/pages\/2\/revisions"}],"predecessor-version":[{"id":202,"href":"https:\/\/gesig.hr\/index.php\/wp-json\/wp\/v2\/pages\/2\/revisions\/202"}],"wp:attachment":[{"href":"https:\/\/gesig.hr\/index.php\/wp-json\/wp\/v2\/media?parent=2"}],"curies":[{"name":"wp","href":"https:\/\/api.w.org\/{rel}","templated":true}]}}